{"id":26,"date":"2017-08-23T13:19:41","date_gmt":"2017-08-23T13:19:41","guid":{"rendered":"http:\/\/ayudoserviciosauxiliares.com\/index.php\/contact\/"},"modified":"2022-02-14T11:46:30","modified_gmt":"2022-02-14T11:46:30","slug":"contacto","status":"publish","type":"page","link":"http:\/\/ayudoserviciosauxiliares.com\/index.php\/contacto\/","title":{"rendered":"Contacto"},"content":{"rendered":"\t\t<div data-elementor-type=\"wp-post\" data-elementor-id=\"26\" class=\"elementor elementor-26\" data-elementor-settings=\"[]\">\n\t\t\t\t\t\t\t<div class=\"elementor-section-wrap\">\n\t\t\t\t\t\t\t<section class=\"elementor-section elementor-top-section elementor-element elementor-element-478b239 elementor-section-boxed elementor-section-height-default elementor-section-height-default\" data-id=\"478b239\" data-element_type=\"section\" data-settings=\"{&quot;background_background&quot;:&quot;classic&quot;}\">\n\t\t\t\t\t\t<div class=\"elementor-container elementor-column-gap-default\">\n\t\t\t\t\t<div class=\"elementor-column elementor-col-100 elementor-top-column elementor-element elementor-element-5b44f1b\" data-id=\"5b44f1b\" data-element_type=\"column\">\n\t\t\t<div class=\"elementor-widget-wrap elementor-element-populated\">\n\t\t\t\t\t\t\t\t<div class=\"elementor-element elementor-element-c11e41b elementor-widget elementor-widget-heading\" data-id=\"c11e41b\" data-element_type=\"widget\" data-widget_type=\"heading.default\">\n\t\t\t\t<div class=\"elementor-widget-container\">\n\t\t\t<h1 class=\"elementor-heading-title elementor-size-default\">Contacto<\/h1>\t\t<\/div>\n\t\t\t\t<\/div>\n\t\t\t\t\t<\/div>\n\t\t<\/div>\n\t\t\t\t\t\t\t<\/div>\n\t\t<\/section>\n\t\t\t\t<section class=\"elementor-section elementor-top-section elementor-element elementor-element-9fb6c0c elementor-section-boxed elementor-section-height-default elementor-section-height-default\" data-id=\"9fb6c0c\" data-element_type=\"section\">\n\t\t\t\t\t\t<div class=\"elementor-container elementor-column-gap-default\">\n\t\t\t\t\t<div class=\"elementor-column elementor-col-100 elementor-top-column elementor-element elementor-element-83f8198\" data-id=\"83f8198\" data-element_type=\"column\">\n\t\t\t<div class=\"elementor-widget-wrap elementor-element-populated\">\n\t\t\t\t\t\t\t\t<div class=\"elementor-element elementor-element-b9ce7f4 elementor-widget elementor-widget-heading\" data-id=\"b9ce7f4\" data-element_type=\"widget\" data-widget_type=\"heading.default\">\n\t\t\t\t<div class=\"elementor-widget-container\">\n\t\t\t<h2 class=\"elementor-heading-title elementor-size-default\">P\u00eddenos presupuesto sin compromiso<\/h2>\t\t<\/div>\n\t\t\t\t<\/div>\n\t\t\t\t<section class=\"elementor-section elementor-inner-section elementor-element elementor-element-7ab1949 elementor-section-boxed elementor-section-height-default elementor-section-height-default\" data-id=\"7ab1949\" data-element_type=\"section\">\n\t\t\t\t\t\t<div class=\"elementor-container elementor-column-gap-default\">\n\t\t\t\t\t<div class=\"elementor-column elementor-col-100 elementor-inner-column elementor-element elementor-element-c31ec16\" data-id=\"c31ec16\" data-element_type=\"column\">\n\t\t\t<div class=\"elementor-widget-wrap elementor-element-populated\">\n\t\t\t\t\t\t\t\t<div class=\"elementor-element elementor-element-0376310 elementor-widget elementor-widget-heading\" data-id=\"0376310\" data-element_type=\"widget\" data-widget_type=\"heading.default\">\n\t\t\t\t<div class=\"elementor-widget-container\">\n\t\t\t<h3 class=\"elementor-heading-title elementor-size-default\"><a href=\"tel:+34682066615\">Telf. 682 066 615<\/a> \/ <a href=\"tel:+34629935926\">Telf. 629 935 926<\/a><\/h3>\t\t<\/div>\n\t\t\t\t<\/div>\n\t\t\t\t\t<\/div>\n\t\t<\/div>\n\t\t\t\t\t\t\t<\/div>\n\t\t<\/section>\n\t\t\t\t<section class=\"elementor-section elementor-inner-section elementor-element elementor-element-cca8ea7 elementor-section-boxed elementor-section-height-default elementor-section-height-default\" data-id=\"cca8ea7\" data-element_type=\"section\">\n\t\t\t\t\t\t<div class=\"elementor-container elementor-column-gap-default\">\n\t\t\t\t\t<div class=\"elementor-column elementor-col-50 elementor-inner-column elementor-element elementor-element-9fb4b63\" data-id=\"9fb4b63\" data-element_type=\"column\">\n\t\t\t<div class=\"elementor-widget-wrap elementor-element-populated\">\n\t\t\t\t\t\t\t\t<div class=\"elementor-element elementor-element-9205e98 elementor-position-right elementor-vertical-align-top elementor-widget elementor-widget-image-box\" data-id=\"9205e98\" data-element_type=\"widget\" data-widget_type=\"image-box.default\">\n\t\t\t\t<div class=\"elementor-widget-container\">\n\t\t\t<div class=\"elementor-image-box-wrapper\"><div class=\"elementor-image-box-content\"><h5 class=\"elementor-image-box-title\">Direcci\u00f3n<\/h5><p class=\"elementor-image-box-description\">Calle la venta 2 edificio 11 nave 15 <br>Pol. Industrial Neinor Henares Meco<br>28880 - Madrid <\/p><\/div><\/div>\t\t<\/div>\n\t\t\t\t<\/div>\n\t\t\t\t\t<\/div>\n\t\t<\/div>\n\t\t\t\t<div class=\"elementor-column elementor-col-50 elementor-inner-column elementor-element elementor-element-61213ed\" data-id=\"61213ed\" data-element_type=\"column\">\n\t\t\t<div class=\"elementor-widget-wrap elementor-element-populated\">\n\t\t\t\t\t\t\t\t<div class=\"elementor-element elementor-element-afaf06b elementor-position-left elementor-vertical-align-top elementor-widget elementor-widget-image-box\" data-id=\"afaf06b\" data-element_type=\"widget\" data-widget_type=\"image-box.default\">\n\t\t\t\t<div class=\"elementor-widget-container\">\n\t\t\t<div class=\"elementor-image-box-wrapper\"><div class=\"elementor-image-box-content\"><h5 class=\"elementor-image-box-title\">Email<\/h5><p class=\"elementor-image-box-description\">info@ayudoserviciosauxiliares.es<\/p><\/div><\/div>\t\t<\/div>\n\t\t\t\t<\/div>\n\t\t\t\t\t<\/div>\n\t\t<\/div>\n\t\t\t\t\t\t\t<\/div>\n\t\t<\/section>\n\t\t\t\t\t<\/div>\n\t\t<\/div>\n\t\t\t\t\t\t\t<\/div>\n\t\t<\/section>\n\t\t\t\t<section class=\"elementor-section elementor-top-section elementor-element elementor-element-075b612 elementor-section-stretched elementor-section-boxed elementor-section-height-default elementor-section-height-default\" data-id=\"075b612\" data-element_type=\"section\" data-settings=\"{&quot;stretch_section&quot;:&quot;section-stretched&quot;}\">\n\t\t\t\t\t\t<div class=\"elementor-container elementor-column-gap-default\">\n\t\t\t\t\t<div class=\"elementor-column elementor-col-100 elementor-top-column elementor-element elementor-element-50fa315\" data-id=\"50fa315\" data-element_type=\"column\">\n\t\t\t<div class=\"elementor-widget-wrap elementor-element-populated\">\n\t\t\t\t\t\t\t\t<div class=\"elementor-element elementor-element-8b91f1b elementor-widget elementor-widget-text-editor\" data-id=\"8b91f1b\" data-element_type=\"widget\" data-widget_type=\"text-editor.default\">\n\t\t\t\t<div class=\"elementor-widget-container\">\n\t\t\t\t\t\t\t<div class=\"BorlabsCookie\"><div class=\"_brlbs-content-blocker\"> <div class=\"_brlbs-embed _brlbs-google-maps\"> <img class=\"_brlbs-thumbnail\" src=\"http:\/\/ayudoserviciosauxiliares.com\/wp-content\/plugins\/borlabs-cookie\/images\/cb-maps.png\" alt=\"Google Maps\"> <div class=\"_brlbs-caption\"> <p>Al cargar el mapa, acepta la pol\u00edtica de privacidad de Google.<br><a href=\"https:\/\/policies.google.com\/privacy?hl=en&amp;gl=en\" target=\"_blank\" rel=\"nofollow noopener noreferrer\">M\u00e1s informaci\u00f3n<\/a><\/p> <p><a class=\"_brlbs-btn\" href=\"#\" data-borlabs-cookie-unblock role=\"button\">Cargar el mapa<\/a><\/p> <p><label><input type=\"checkbox\" name=\"unblockAll\" value=\"1\" checked> <small>Desbloquear Google Maps siempre<\/small><\/label><\/p> <\/div> <\/div> <\/div><div class=\"borlabs-hide\" data-borlabs-cookie-type=\"content-blocker\" data-borlabs-cookie-id=\"googlemaps\"><script type=\"text\/template\">PGlmcmFtZSBzcmM9Imh0dHBzOi8vd3d3Lmdvb2dsZS5jb20vbWFwcy9lbWJlZD9wYj0hMW0xOCExbTEyITFtMyExZDMwMzIuNDQxMjU2ODMzNzQxNiEyZC0zLjI5OTYxOTY4NTE1NzU5OTQhM2Q0MC41MzE4Mzk0NTY1NTU2ITJtMyExZjAhMmYwITNmMCEzbTIhMWkxMDI0ITJpNzY4ITRmMTMuMSEzbTMhMW0yITFzMHhkNDI0ZGI0YTAxNTg3YjclM0EweGE2Yzk3OWM2NjEyOGQxMGEhMnNDLiUyMGxhJTIwVmVudGElMkMlMjAyJTJDJTIwZWRpZmljaW8lMjAxMSUyMG5hdmUlMjAxNSUyQyUyMDI4ODgwJTIwTWVjbyUyQyUyME1hZHJpZCE1ZTAhM20yITFzZXMhMnNlcyE0djE2NDIwOTIyNTg4ODkhNW0yITFzZXMhMnNlcyIgd2lkdGg9IjEwMCUiIGhlaWdodD0iNDUwIiBzdHlsZT0iYm9yZGVyOjA7IiBhbGxvd2Z1bGxzY3JlZW49IiIgbG9hZGluZz0ibGF6eSI+PC9pZnJhbWU+<\/script><\/div><\/div>\t\t\t\t\t\t<\/div>\n\t\t\t\t<\/div>\n\t\t\t\t\t<\/div>\n\t\t<\/div>\n\t\t\t\t\t\t\t<\/div>\n\t\t<\/section>\n\t\t\t\t<section class=\"elementor-section elementor-top-section elementor-element elementor-element-ad3da8c elementor-reverse-mobile elementor-section-boxed elementor-section-height-default elementor-section-height-default\" data-id=\"ad3da8c\" data-element_type=\"section\">\n\t\t\t\t\t\t<div class=\"elementor-container elementor-column-gap-no\">\n\t\t\t\t\t<div class=\"elementor-column elementor-col-66 elementor-top-column elementor-element elementor-element-4a1293d\" data-id=\"4a1293d\" data-element_type=\"column\">\n\t\t\t<div class=\"elementor-widget-wrap elementor-element-populated\">\n\t\t\t\t\t\t\t\t<div class=\"elementor-element elementor-element-daa51a7 elementor-widget elementor-widget-heading\" data-id=\"daa51a7\" data-element_type=\"widget\" data-widget_type=\"heading.default\">\n\t\t\t\t<div class=\"elementor-widget-container\">\n\t\t\t<h2 class=\"elementor-heading-title elementor-size-default\">Formulario de contacto<\/h2>\t\t<\/div>\n\t\t\t\t<\/div>\n\t\t\t\t<div class=\"elementor-element elementor-element-b10e771 elementor-widget elementor-widget-shortcode\" data-id=\"b10e771\" data-element_type=\"widget\" data-widget_type=\"shortcode.default\">\n\t\t\t\t<div class=\"elementor-widget-container\">\n\t\t\t\t\t<div class=\"elementor-shortcode\"><div class=\"wpforms-container \" id=\"wpforms-18\"><form id=\"wpforms-form-18\" class=\"wpforms-validate wpforms-form\" data-formid=\"18\" method=\"post\" enctype=\"multipart\/form-data\" action=\"\/index.php\/wp-json\/wp\/v2\/pages\/26\" data-token=\"2d284791acf82a714d04453857623d28\"><noscript class=\"wpforms-error-noscript\">Por favor, activa JavaScript en tu navegador para completar este formulario.<\/noscript><div class=\"wpforms-field-container\"><div id=\"wpforms-18-field_0-container\" class=\"wpforms-field wpforms-field-name\" data-field-id=\"0\"><label class=\"wpforms-field-label wpforms-label-hide\" for=\"wpforms-18-field_0\">Nombre <span class=\"wpforms-required-label\">*<\/span><\/label><input type=\"text\" id=\"wpforms-18-field_0\" class=\"wpforms-field-large wpforms-field-required\" name=\"wpforms[fields][0]\" placeholder=\"Nombre\" required><\/div><div id=\"wpforms-18-field_1-container\" class=\"wpforms-field wpforms-field-email\" data-field-id=\"1\"><label class=\"wpforms-field-label wpforms-label-hide\" for=\"wpforms-18-field_1\">Email <span class=\"wpforms-required-label\">*<\/span><\/label><input type=\"email\" id=\"wpforms-18-field_1\" class=\"wpforms-field-large wpforms-field-required\" name=\"wpforms[fields][1]\" placeholder=\"Email\" required><\/div><div id=\"wpforms-18-field_3-container\" class=\"wpforms-field wpforms-field-number\" data-field-id=\"3\"><label class=\"wpforms-field-label wpforms-label-hide\" for=\"wpforms-18-field_3\">Numbers <span class=\"wpforms-required-label\">*<\/span><\/label><input type=\"number\" pattern=\"\\d*\" id=\"wpforms-18-field_3\" class=\"wpforms-field-large wpforms-field-required\" name=\"wpforms[fields][3]\" placeholder=\"Tel\u00e9fono\" required><\/div><div id=\"wpforms-18-field_2-container\" class=\"wpforms-field wpforms-field-textarea\" data-field-id=\"2\"><label class=\"wpforms-field-label wpforms-label-hide\" for=\"wpforms-18-field_2\">Texto <span class=\"wpforms-required-label\">*<\/span><\/label><textarea id=\"wpforms-18-field_2\" class=\"wpforms-field-medium wpforms-field-required\" name=\"wpforms[fields][2]\" placeholder=\"Texto\" required><\/textarea><\/div><div id=\"wpforms-18-field_7-container\" class=\"wpforms-field wpforms-field-checkbox\" data-field-id=\"7\"><label class=\"wpforms-field-label\" for=\"wpforms-18-field_7\">Pol\u00edtica de privacidad <span class=\"wpforms-required-label\">*<\/span><\/label><ul id=\"wpforms-18-field_7\" class=\"wpforms-field-required\"><li class=\"choice-1 depth-1\"><input type=\"checkbox\" id=\"wpforms-18-field_7_1\" name=\"wpforms[fields][7][]\" value=\"He le\u00eddo y acepto la &lt;a href=&quot;http:\/\/ayudoserviciosauxiliares.com\/index.php\/politica-de-privacidad\/&quot;&gt;pol\u00edtica de privacidad&lt;\/a&gt;\" required ><label class=\"wpforms-field-label-inline\" for=\"wpforms-18-field_7_1\">He le\u00eddo y acepto la <a href=\"http:\/\/ayudoserviciosauxiliares.com\/index.php\/politica-de-privacidad\/\">pol\u00edtica de privacidad<\/a><\/label><\/li><\/ul><div class=\"wpforms-field-description\"><br>\r\n<p style=\"font-size:13px;\">INFORMACI\u00d3N PROTECCI\u00d3N DE DATOS DE AYUDO LIMPIEZAS TECNICAS SERVICIOS AUXILIARES, S.L.<\/p>\r\n<p style=\"text-align:justify;font-size:13px;\">Finalidades: Responder a sus solicitudes y remitirle informaci\u00f3n comercial de nuestros productos, servicios y ofertas, incluso por medios electr\u00f3nicos. \r\nDerechos:  Puede retirar su consentimiento en cualquier momento, as\u00ed como acceder, rectificar, suprimir sus datos y dem\u00e1s derechos en yumedy.echavarria@ayudoserviciosauxiliares.com <\/p><\/div><\/div><\/div><div class=\"wpforms-field wpforms-field-hp\"><label for=\"wpforms-18-field-hp\" class=\"wpforms-field-label\">Comment<\/label><input type=\"text\" name=\"wpforms[hp]\" id=\"wpforms-18-field-hp\" class=\"wpforms-field-medium\"><\/div><div class=\"wpforms-submit-container\" ><input type=\"hidden\" name=\"wpforms[id]\" value=\"18\"><input type=\"hidden\" name=\"wpforms[author]\" value=\"1\"><button type=\"submit\" name=\"wpforms[submit]\" class=\"wpforms-submit \" id=\"wpforms-submit-18\" value=\"wpforms-submit\" aria-live=\"assertive\" data-alt-text=\"Enviando...\" data-submit-text=\"Enviar\">Enviar<\/button><\/div><\/form><\/div>  <!-- .wpforms-container --><\/div>\n\t\t\t\t<\/div>\n\t\t\t\t<\/div>\n\t\t\t\t\t<\/div>\n\t\t<\/div>\n\t\t\t\t<div class=\"elementor-column elementor-col-33 elementor-top-column elementor-element elementor-element-82a435a\" data-id=\"82a435a\" data-element_type=\"column\">\n\t\t\t<div class=\"elementor-widget-wrap elementor-element-populated\">\n\t\t\t\t\t\t\t\t<div class=\"elementor-element elementor-element-71fcd68 elementor-view-default elementor-position-top elementor-vertical-align-top elementor-widget elementor-widget-icon-box\" data-id=\"71fcd68\" data-element_type=\"widget\" data-widget_type=\"icon-box.default\">\n\t\t\t\t<div class=\"elementor-widget-container\">\n\t\t\t\t\t<div class=\"elementor-icon-box-wrapper\">\n\t\t\t\t\t\t<div class=\"elementor-icon-box-icon\">\n\t\t\t\t<span class=\"elementor-icon elementor-animation-\" >\n\t\t\t\t<i aria-hidden=\"true\" class=\"far fa-clock\"><\/i>\t\t\t\t<\/span>\n\t\t\t<\/div>\n\t\t\t\t\t\t<div class=\"elementor-icon-box-content\">\n\t\t\t\t<h5 class=\"elementor-icon-box-title\">\n\t\t\t\t\t<span  >\n\t\t\t\t\t\tHorario\t\t\t\t\t<\/span>\n\t\t\t\t<\/h5>\n\t\t\t\t\t\t\t\t\t<p class=\"elementor-icon-box-description\">\n\t\t\t\t\t\tLunes a Viernes 8am-6pm\nUrgencias 24 horas:<br\/>681066615 y 629935926\n\t\t\t\t\t<\/p>\n\t\t\t\t\t\t\t<\/div>\n\t\t<\/div>\n\t\t\t\t<\/div>\n\t\t\t\t<\/div>\n\t\t\t\t\t<\/div>\n\t\t<\/div>\n\t\t\t\t\t\t\t<\/div>\n\t\t<\/section>\n\t\t\t\t\t\t<\/div>\n\t\t\t\t\t<\/div>\n\t\t","protected":false},"excerpt":{"rendered":"<p>Contacto P\u00eddenos presupuesto sin compromiso Telf. 682 066 615 \/ Telf. 629 935 926 Direcci\u00f3n Calle la venta 2 edificio 11 nave 15 Pol. Industrial Neinor Henares Meco28880 &#8211; Madrid Email info@ayudoserviciosauxiliares.es Al cargar el mapa, acepta la pol\u00edtica de privacidad de Google.M\u00e1s informaci\u00f3n Cargar el mapa Desbloquear Google Maps siempre Formulario de contacto Horario &hellip;<\/p>\n<p class=\"read-more\"> <a class=\"\" href=\"http:\/\/ayudoserviciosauxiliares.com\/index.php\/contacto\/\"> <span class=\"screen-reader-text\">Contacto<\/span> Leer m\u00e1s &raquo;<\/a><\/p>\n","protected":false},"author":1,"featured_media":0,"parent":0,"menu_order":0,"comment_status":"closed","ping_status":"closed","template":"","meta":{"site-sidebar-layout":"no-sidebar","site-content-layout":"page-builder","ast-main-header-display":"","ast-hfb-above-header-display":"","ast-hfb-below-header-display":"","ast-hfb-mobile-header-display":"","site-post-title":"disabled","ast-breadcrumbs-content":"","ast-featured-img":"disabled","footer-sml-layout":"","theme-transparent-header-meta":"default","adv-header-id-meta":null,"stick-header-meta":null,"header-above-stick-meta":null,"header-main-stick-meta":null,"header-below-stick-meta":null},"_links":{"self":[{"href":"http:\/\/ayudoserviciosauxiliares.com\/index.php\/wp-json\/wp\/v2\/pages\/26"}],"collection":[{"href":"http:\/\/ayudoserviciosauxiliares.com\/index.php\/wp-json\/wp\/v2\/pages"}],"about":[{"href":"http:\/\/ayudoserviciosauxiliares.com\/index.php\/wp-json\/wp\/v2\/types\/page"}],"author":[{"embeddable":true,"href":"http:\/\/ayudoserviciosauxiliares.com\/index.php\/wp-json\/wp\/v2\/users\/1"}],"replies":[{"embeddable":true,"href":"http:\/\/ayudoserviciosauxiliares.com\/index.php\/wp-json\/wp\/v2\/comments?post=26"}],"version-history":[{"count":49,"href":"http:\/\/ayudoserviciosauxiliares.com\/index.php\/wp-json\/wp\/v2\/pages\/26\/revisions"}],"predecessor-version":[{"id":2711,"href":"http:\/\/ayudoserviciosauxiliares.com\/index.php\/wp-json\/wp\/v2\/pages\/26\/revisions\/2711"}],"wp:attachment":[{"href":"http:\/\/ayudoserviciosauxiliares.com\/index.php\/wp-json\/wp\/v2\/media?parent=26"}],"curies":[{"name":"wp","href":"https:\/\/api.w.org\/{rel}","templated":true}]}}