{"id":1621,"date":"2021-11-30T08:55:44","date_gmt":"2021-11-30T08:55:44","guid":{"rendered":"http:\/\/ayudoserviciosauxiliares.com\/?page_id=1621"},"modified":"2022-02-10T16:51:23","modified_gmt":"2022-02-10T16:51:23","slug":"control-de-plagas","status":"publish","type":"page","link":"http:\/\/ayudoserviciosauxiliares.com\/index.php\/control-de-plagas\/","title":{"rendered":"Control de plagas"},"content":{"rendered":"\t\t<div data-elementor-type=\"wp-post\" data-elementor-id=\"1621\" class=\"elementor elementor-1621\" data-elementor-settings=\"[]\">\n\t\t\t\t\t\t\t<div class=\"elementor-section-wrap\">\n\t\t\t\t\t\t\t<section class=\"elementor-section elementor-top-section elementor-element elementor-element-0a29f4c elementor-section-boxed elementor-section-height-default elementor-section-height-default\" data-id=\"0a29f4c\" data-element_type=\"section\" data-settings=\"{&quot;background_background&quot;:&quot;classic&quot;}\">\n\t\t\t\t\t\t<div class=\"elementor-container elementor-column-gap-default\">\n\t\t\t\t\t<div class=\"elementor-column elementor-col-100 elementor-top-column elementor-element elementor-element-0b345bc\" data-id=\"0b345bc\" data-element_type=\"column\">\n\t\t\t<div class=\"elementor-widget-wrap elementor-element-populated\">\n\t\t\t\t\t\t\t\t<div class=\"elementor-element elementor-element-9f33db3 elementor-widget elementor-widget-heading\" data-id=\"9f33db3\" data-element_type=\"widget\" data-widget_type=\"heading.default\">\n\t\t\t\t<div class=\"elementor-widget-container\">\n\t\t\t<h1 class=\"elementor-heading-title elementor-size-default\">DESINFECCI\u00d3N Y CONTROL DE PLAGAS<\/h1>\t\t<\/div>\n\t\t\t\t<\/div>\n\t\t\t\t\t<\/div>\n\t\t<\/div>\n\t\t\t\t\t\t\t<\/div>\n\t\t<\/section>\n\t\t\t\t<section class=\"elementor-section elementor-top-section elementor-element elementor-element-c7d9b98 elementor-section-boxed elementor-section-height-default elementor-section-height-default\" data-id=\"c7d9b98\" data-element_type=\"section\">\n\t\t\t\t\t\t<div class=\"elementor-container elementor-column-gap-wide\">\n\t\t\t\t\t<div class=\"elementor-column elementor-col-50 elementor-top-column elementor-element elementor-element-69482e2\" data-id=\"69482e2\" data-element_type=\"column\">\n\t\t\t<div class=\"elementor-widget-wrap elementor-element-populated\">\n\t\t\t\t\t\t\t\t<div class=\"elementor-element elementor-element-382afe9 elementor-widget elementor-widget-heading\" data-id=\"382afe9\" data-element_type=\"widget\" data-widget_type=\"heading.default\">\n\t\t\t\t<div class=\"elementor-widget-container\">\n\t\t\t<h2 class=\"elementor-heading-title elementor-size-default\">Desinfecci\u00f3n y Control de Plagas:\n\n<\/h2>\t\t<\/div>\n\t\t\t\t<\/div>\n\t\t\t\t<div class=\"elementor-element elementor-element-cdf644a elementor-widget-divider--view-line elementor-widget elementor-widget-divider\" data-id=\"cdf644a\" data-element_type=\"widget\" data-widget_type=\"divider.default\">\n\t\t\t\t<div class=\"elementor-widget-container\">\n\t\t\t\t\t<div class=\"elementor-divider\">\n\t\t\t<span class=\"elementor-divider-separator\">\n\t\t\t\t\t\t<\/span>\n\t\t<\/div>\n\t\t\t\t<\/div>\n\t\t\t\t<\/div>\n\t\t\t\t<div class=\"elementor-element elementor-element-cde45d1 elementor-widget elementor-widget-text-editor\" data-id=\"cde45d1\" data-element_type=\"widget\" data-widget_type=\"text-editor.default\">\n\t\t\t\t<div class=\"elementor-widget-container\">\n\t\t\t\t\t\t\t<p>Nuestra empresa utiliza tratamientos sin biocidas que no paralizan su actividad y no afectan a la salud de las personas ni al medioambiente; La forma m\u00e1s efectiva y f\u00e1cil de eliminar\u00a0 o prevenir la aparici\u00f3n\u00a0 de plagas\u00a0 o cualquier tipo de virus o bacteria en su establecimiento.\u00a0<\/p>\t\t\t\t\t\t<\/div>\n\t\t\t\t<\/div>\n\t\t\t\t\t<\/div>\n\t\t<\/div>\n\t\t\t\t<div class=\"elementor-column elementor-col-50 elementor-top-column elementor-element elementor-element-b722443\" data-id=\"b722443\" data-element_type=\"column\">\n\t\t\t<div class=\"elementor-widget-wrap elementor-element-populated\">\n\t\t\t\t\t\t\t\t<div class=\"elementor-element elementor-element-80d4ac3 elementor-widget elementor-widget-image\" data-id=\"80d4ac3\" data-element_type=\"widget\" data-widget_type=\"image.default\">\n\t\t\t\t<div class=\"elementor-widget-container\">\n\t\t\t\t\t\t\t\t\t\t\t\t\t\t\t<img width=\"1024\" height=\"718\" src=\"http:\/\/ayudoserviciosauxiliares.com\/wp-content\/uploads\/2021\/11\/Captura-de-Pantalla-2020-05-25-a-las-1.13.40-a.-m.-1024x718.png\" class=\"attachment-large size-large\" alt=\"\" loading=\"lazy\" srcset=\"http:\/\/ayudoserviciosauxiliares.com\/wp-content\/uploads\/2021\/11\/Captura-de-Pantalla-2020-05-25-a-las-1.13.40-a.-m.-1024x718.png 1024w, http:\/\/ayudoserviciosauxiliares.com\/wp-content\/uploads\/2021\/11\/Captura-de-Pantalla-2020-05-25-a-las-1.13.40-a.-m.-300x210.png 300w, http:\/\/ayudoserviciosauxiliares.com\/wp-content\/uploads\/2021\/11\/Captura-de-Pantalla-2020-05-25-a-las-1.13.40-a.-m.-768x539.png 768w, http:\/\/ayudoserviciosauxiliares.com\/wp-content\/uploads\/2021\/11\/Captura-de-Pantalla-2020-05-25-a-las-1.13.40-a.-m.-1536x1077.png 1536w, http:\/\/ayudoserviciosauxiliares.com\/wp-content\/uploads\/2021\/11\/Captura-de-Pantalla-2020-05-25-a-las-1.13.40-a.-m..png 2036w\" sizes=\"(max-width: 1024px) 100vw, 1024px\" \/>\t\t\t\t\t\t\t\t\t\t\t\t\t\t\t<\/div>\n\t\t\t\t<\/div>\n\t\t\t\t\t<\/div>\n\t\t<\/div>\n\t\t\t\t\t\t\t<\/div>\n\t\t<\/section>\n\t\t\t\t<section class=\"elementor-section elementor-top-section elementor-element elementor-element-beefa41 elementor-section-boxed elementor-section-height-default elementor-section-height-default\" data-id=\"beefa41\" data-element_type=\"section\">\n\t\t\t\t\t\t<div class=\"elementor-container elementor-column-gap-default\">\n\t\t\t\t\t<div class=\"elementor-column elementor-col-100 elementor-top-column elementor-element elementor-element-803f16e\" data-id=\"803f16e\" data-element_type=\"column\">\n\t\t\t<div class=\"elementor-widget-wrap elementor-element-populated\">\n\t\t\t\t\t\t\t\t<div class=\"elementor-element elementor-element-0f030a6 elementor-widget elementor-widget-text-editor\" data-id=\"0f030a6\" data-element_type=\"widget\" data-widget_type=\"text-editor.default\">\n\t\t\t\t<div class=\"elementor-widget-container\">\n\t\t\t\t\t\t\t<p>La presencia de una plaga (insectos, roedores o microorganismos) o infecci\u00f3n provoca da\u00f1os econ\u00f3micos y materiales en las empresas debido a la p\u00e9rdida de clientes, multas, productos da\u00f1ados etc\u2026 Tambi\u00e9n puede derivar en la salud de empleados y clientes, y supone un riesgo para la salud p\u00fablica, ya que contamina alimentos, contagia enfermedades y propicia episodios desagradables.<\/p><p>Trabajamos por una sociedad m\u00e1s saludable.\u00a0<\/p>\t\t\t\t\t\t<\/div>\n\t\t\t\t<\/div>\n\t\t\t\t\t<\/div>\n\t\t<\/div>\n\t\t\t\t\t\t\t<\/div>\n\t\t<\/section>\n\t\t\t\t<section class=\"elementor-section elementor-top-section elementor-element elementor-element-574bf64 elementor-section-boxed elementor-section-height-default elementor-section-height-default\" data-id=\"574bf64\" data-element_type=\"section\">\n\t\t\t\t\t\t<div class=\"elementor-container elementor-column-gap-wide\">\n\t\t\t\t\t<div class=\"elementor-column elementor-col-50 elementor-top-column elementor-element elementor-element-d0fa01e\" data-id=\"d0fa01e\" data-element_type=\"column\">\n\t\t\t<div class=\"elementor-widget-wrap elementor-element-populated\">\n\t\t\t\t\t\t\t\t<div class=\"elementor-element elementor-element-702eede elementor-widget elementor-widget-text-editor\" data-id=\"702eede\" data-element_type=\"widget\" data-widget_type=\"text-editor.default\">\n\t\t\t\t<div class=\"elementor-widget-container\">\n\t\t\t\t\t\t\t<p>Hay que destacar que la Uni\u00f3n Europea ha impulsado un nuevo Reglamento sobre Biocidas, que argumenta que los biocidas \u00abpueden entra\u00f1ar riesgos para las personas, los animales y el medio ambiente\u00bb, y por tanto, su uso \u00abexige una normativa cuidadosa\u00bb. De este modo, consideramos que, en la medida de lo posible, parece conveniente no rociar con biocidas los ambientes interiores.<\/p>\t\t\t\t\t\t<\/div>\n\t\t\t\t<\/div>\n\t\t\t\t\t<\/div>\n\t\t<\/div>\n\t\t\t\t<div class=\"elementor-column elementor-col-50 elementor-top-column elementor-element elementor-element-41442e9\" data-id=\"41442e9\" data-element_type=\"column\">\n\t\t\t<div class=\"elementor-widget-wrap elementor-element-populated\">\n\t\t\t\t\t\t\t\t<div class=\"elementor-element elementor-element-a67dc84 elementor-widget elementor-widget-image\" data-id=\"a67dc84\" data-element_type=\"widget\" data-widget_type=\"image.default\">\n\t\t\t\t<div class=\"elementor-widget-container\">\n\t\t\t\t\t\t\t\t\t\t\t\t\t\t\t<img width=\"900\" height=\"506\" src=\"http:\/\/ayudoserviciosauxiliares.com\/wp-content\/uploads\/2022\/02\/5-Copy.jpg\" class=\"attachment-large size-large\" alt=\"\" loading=\"lazy\" srcset=\"http:\/\/ayudoserviciosauxiliares.com\/wp-content\/uploads\/2022\/02\/5-Copy.jpg 900w, http:\/\/ayudoserviciosauxiliares.com\/wp-content\/uploads\/2022\/02\/5-Copy-300x169.jpg 300w, http:\/\/ayudoserviciosauxiliares.com\/wp-content\/uploads\/2022\/02\/5-Copy-768x432.jpg 768w\" sizes=\"(max-width: 900px) 100vw, 900px\" \/>\t\t\t\t\t\t\t\t\t\t\t\t\t\t\t<\/div>\n\t\t\t\t<\/div>\n\t\t\t\t\t<\/div>\n\t\t<\/div>\n\t\t\t\t\t\t\t<\/div>\n\t\t<\/section>\n\t\t\t\t<section class=\"elementor-section elementor-top-section elementor-element elementor-element-c73ff50 elementor-section-boxed elementor-section-height-default elementor-section-height-default\" data-id=\"c73ff50\" data-element_type=\"section\">\n\t\t\t\t\t\t<div class=\"elementor-container elementor-column-gap-default\">\n\t\t\t\t\t<div class=\"elementor-column elementor-col-100 elementor-top-column elementor-element elementor-element-a0e80b4\" data-id=\"a0e80b4\" data-element_type=\"column\">\n\t\t\t<div class=\"elementor-widget-wrap elementor-element-populated\">\n\t\t\t\t\t\t\t\t<div class=\"elementor-element elementor-element-ccd881d elementor-widget elementor-widget-text-editor\" data-id=\"ccd881d\" data-element_type=\"widget\" data-widget_type=\"text-editor.default\">\n\t\t\t\t<div class=\"elementor-widget-container\">\n\t\t\t\t\t\t\t<p>Realizamos planes de desinsectaci\u00f3n y desinfecci\u00f3n junto con tratamientos preventivos y programas de seguimiento para el control su control. La metodolog\u00eda de trabajo que consiste en los siguientes pasos:<\/p><p>Diagn\u00f3stico de situaci\u00f3n, revisi\u00f3n del local, detecci\u00f3n de zonas de riesgo, limpieza aplicaci\u00f3n de productos etc..<\/p>\t\t\t\t\t\t<\/div>\n\t\t\t\t<\/div>\n\t\t\t\t<div class=\"elementor-element elementor-element-70f682b elementor-align-center elementor-widget elementor-widget-button\" data-id=\"70f682b\" data-element_type=\"widget\" data-widget_type=\"button.default\">\n\t\t\t\t<div class=\"elementor-widget-container\">\n\t\t\t\t\t<div class=\"elementor-button-wrapper\">\n\t\t\t<a href=\"\/index.php\/contacto\/\" class=\"elementor-button-link elementor-button elementor-size-sm\" role=\"button\">\n\t\t\t\t\t\t<span class=\"elementor-button-content-wrapper\">\n\t\t\t\t\t\t<span class=\"elementor-button-text\">PIDE PRESUPUESTO SIN COMPROMISO<\/span>\n\t\t<\/span>\n\t\t\t\t\t<\/a>\n\t\t<\/div>\n\t\t\t\t<\/div>\n\t\t\t\t<\/div>\n\t\t\t\t\t<\/div>\n\t\t<\/div>\n\t\t\t\t\t\t\t<\/div>\n\t\t<\/section>\n\t\t\t\t<section class=\"elementor-section elementor-top-section elementor-element elementor-element-4c85867 elementor-section-boxed elementor-section-height-default elementor-section-height-default\" data-id=\"4c85867\" data-element_type=\"section\" data-settings=\"{&quot;background_background&quot;:&quot;classic&quot;}\">\n\t\t\t\t\t\t<div class=\"elementor-container elementor-column-gap-default\">\n\t\t\t\t\t<div class=\"elementor-column elementor-col-100 elementor-top-column elementor-element elementor-element-b6bb6fa\" data-id=\"b6bb6fa\" data-element_type=\"column\">\n\t\t\t<div class=\"elementor-widget-wrap elementor-element-populated\">\n\t\t\t\t\t\t\t\t<div class=\"elementor-element elementor-element-c8c7579 elementor-position-top elementor-vertical-align-top elementor-invisible elementor-widget elementor-widget-image-box\" data-id=\"c8c7579\" data-element_type=\"widget\" data-settings=\"{&quot;_animation&quot;:&quot;fadeInLeft&quot;}\" data-widget_type=\"image-box.default\">\n\t\t\t\t<div class=\"elementor-widget-container\">\n\t\t\t<div class=\"elementor-image-box-wrapper\"><div class=\"elementor-image-box-content\"><h2 class=\"elementor-image-box-title\">TENEMOS LO QUE OTRAS EMPRESAS DE LIMPIEZA NO PUEDEN OFRECERTE POR FALTA DE VOLUMEN, EXPERIENCIA, MAQUINARIA Y PERSONAL. CALIDAD EN EL SERVICIO RATIO DE RESPUESTA CLIENTES SATISFECHOS<\/h2><\/div><\/div>\t\t<\/div>\n\t\t\t\t<\/div>\n\t\t\t\t<div class=\"elementor-element elementor-element-3da97ce elementor-align-center elementor-tablet-align-center elementor-mobile-align-center elementor-widget elementor-widget-button\" data-id=\"3da97ce\" data-element_type=\"widget\" data-widget_type=\"button.default\">\n\t\t\t\t<div class=\"elementor-widget-container\">\n\t\t\t\t\t<div class=\"elementor-button-wrapper\">\n\t\t\t<a href=\"\/index.php\/contacto\/\" class=\"elementor-button-link elementor-button elementor-size-sm elementor-animation-float\" role=\"button\">\n\t\t\t\t\t\t<span class=\"elementor-button-content-wrapper\">\n\t\t\t\t\t\t<span class=\"elementor-button-text\">PIDE PRESUPUESTO SIN COMPROMISO<\/span>\n\t\t<\/span>\n\t\t\t\t\t<\/a>\n\t\t<\/div>\n\t\t\t\t<\/div>\n\t\t\t\t<\/div>\n\t\t\t\t\t<\/div>\n\t\t<\/div>\n\t\t\t\t\t\t\t<\/div>\n\t\t<\/section>\n\t\t\t\t<section class=\"elementor-section elementor-top-section elementor-element elementor-element-36b789d elementor-section-boxed elementor-section-height-default elementor-section-height-default\" data-id=\"36b789d\" data-element_type=\"section\">\n\t\t\t\t\t\t<div class=\"elementor-container elementor-column-gap-default\">\n\t\t\t\t\t<div class=\"elementor-column elementor-col-100 elementor-top-column elementor-element elementor-element-fd0c129\" data-id=\"fd0c129\" data-element_type=\"column\">\n\t\t\t<div class=\"elementor-widget-wrap elementor-element-populated\">\n\t\t\t\t\t\t\t\t<section class=\"elementor-section elementor-inner-section elementor-element elementor-element-2b6bc9c elementor-section-boxed elementor-section-height-default elementor-section-height-default\" data-id=\"2b6bc9c\" data-element_type=\"section\">\n\t\t\t\t\t\t<div class=\"elementor-container elementor-column-gap-wider\">\n\t\t\t\t\t<div class=\"elementor-column elementor-col-50 elementor-inner-column elementor-element elementor-element-8b62aeb\" data-id=\"8b62aeb\" data-element_type=\"column\">\n\t\t\t<div class=\"elementor-widget-wrap elementor-element-populated\">\n\t\t\t\t\t\t\t\t<div class=\"elementor-element elementor-element-814c5c4 elementor-view-default elementor-position-top elementor-vertical-align-top elementor-widget elementor-widget-icon-box\" data-id=\"814c5c4\" data-element_type=\"widget\" data-widget_type=\"icon-box.default\">\n\t\t\t\t<div class=\"elementor-widget-container\">\n\t\t\t\t\t<div class=\"elementor-icon-box-wrapper\">\n\t\t\t\t\t\t<div class=\"elementor-icon-box-icon\">\n\t\t\t\t<span class=\"elementor-icon elementor-animation-\" >\n\t\t\t\t<i aria-hidden=\"true\" class=\"far fa-clock\"><\/i>\t\t\t\t<\/span>\n\t\t\t<\/div>\n\t\t\t\t\t\t<div class=\"elementor-icon-box-content\">\n\t\t\t\t<h3 class=\"elementor-icon-box-title\">\n\t\t\t\t\t<span  >\n\t\t\t\t\t\tHorarios de limpieza\t\t\t\t\t<\/span>\n\t\t\t\t<\/h3>\n\t\t\t\t\t\t\t\t\t<p class=\"elementor-icon-box-description\">\n\t\t\t\t\t\tEn todos los casos\u00a0en AYUDO adaptamos nuestros horarios de limpieza\u00a0a los momentos y las necesidades del cliente por que somos concientes de lo que implica parar una\u00a0 l\u00ednea de producci\u00f3n, por esto nuestra t\u00e9cnica de limpieza no interfiere en la actividad normal de la empresa.\t\t\t\t\t<\/p>\n\t\t\t\t\t\t\t<\/div>\n\t\t<\/div>\n\t\t\t\t<\/div>\n\t\t\t\t<\/div>\n\t\t\t\t\t<\/div>\n\t\t<\/div>\n\t\t\t\t<div class=\"elementor-column elementor-col-50 elementor-inner-column elementor-element elementor-element-3ef3ba6\" data-id=\"3ef3ba6\" data-element_type=\"column\">\n\t\t\t<div class=\"elementor-widget-wrap elementor-element-populated\">\n\t\t\t\t\t\t\t\t<div class=\"elementor-element elementor-element-d23f56d elementor-view-default elementor-position-top elementor-vertical-align-top elementor-widget elementor-widget-icon-box\" data-id=\"d23f56d\" data-element_type=\"widget\" data-widget_type=\"icon-box.default\">\n\t\t\t\t<div class=\"elementor-widget-container\">\n\t\t\t\t\t<div class=\"elementor-icon-box-wrapper\">\n\t\t\t\t\t\t<div class=\"elementor-icon-box-icon\">\n\t\t\t\t<span class=\"elementor-icon elementor-animation-\" >\n\t\t\t\t<i aria-hidden=\"true\" class=\"fas fa-file-invoice-dollar\"><\/i>\t\t\t\t<\/span>\n\t\t\t<\/div>\n\t\t\t\t\t\t<div class=\"elementor-icon-box-content\">\n\t\t\t\t<h3 class=\"elementor-icon-box-title\">\n\t\t\t\t\t<span  >\n\t\t\t\t\t\tPresupuesto y estudio t\u00e9cnico econ\u00f3mico\t\t\t\t\t<\/span>\n\t\t\t\t<\/h3>\n\t\t\t\t\t\t\t\t\t<p class=\"elementor-icon-box-description\">\n\t\t\t\t\t\tNuestros presupuestos los realizamos desde la perspectiva de las necesidades de la empresa solicitante, por esto enviamos un asesor especializado en limpiezas industriales para el asesoramiento y la elaboraci\u00f3n del proyecto a trabajar. Con respecto a metodolog\u00edas, personal, especialistas, horarios, etc. para proporcionar un estudio t\u00e9cnico-econ\u00f3mico que se adapte a la perfecci\u00f3n a las necesidades de la empresa.\t\t\t\t\t<\/p>\n\t\t\t\t\t\t\t<\/div>\n\t\t<\/div>\n\t\t\t\t<\/div>\n\t\t\t\t<\/div>\n\t\t\t\t\t<\/div>\n\t\t<\/div>\n\t\t\t\t\t\t\t<\/div>\n\t\t<\/section>\n\t\t\t\t<div class=\"elementor-element elementor-element-bd5deaa elementor-widget elementor-widget-spacer\" data-id=\"bd5deaa\" data-element_type=\"widget\" data-widget_type=\"spacer.default\">\n\t\t\t\t<div class=\"elementor-widget-container\">\n\t\t\t\t\t<div class=\"elementor-spacer\">\n\t\t\t<div class=\"elementor-spacer-inner\"><\/div>\n\t\t<\/div>\n\t\t\t\t<\/div>\n\t\t\t\t<\/div>\n\t\t\t\t<div class=\"elementor-element elementor-element-41fbd05 elementor-widget elementor-widget-text-editor\" data-id=\"41fbd05\" data-element_type=\"widget\" data-widget_type=\"text-editor.default\">\n\t\t\t\t<div class=\"elementor-widget-container\">\n\t\t\t\t\t\t\t<p>Si tiene\u00a0<b>alguna duda sobre el sistema de limpieza de instalaciones industriales<\/b>\u00a0de nuestros profesionales no dude en ponerse en contacto con nosotros y un especialista le responder\u00e1 a lo que necesite en cuanto a personal de limpieza, bajas, seguridad social, vacaciones, prevenci\u00f3n de riesgos laborales, costes salariales, absentismo o cualquier otra cuesti\u00f3n de trascendencia.<\/p>\t\t\t\t\t\t<\/div>\n\t\t\t\t<\/div>\n\t\t\t\t\t<\/div>\n\t\t<\/div>\n\t\t\t\t\t\t\t<\/div>\n\t\t<\/section>\n\t\t\t\t\t\t<\/div>\n\t\t\t\t\t<\/div>\n\t\t","protected":false},"excerpt":{"rendered":"<p>DESINFECCI\u00d3N Y CONTROL DE PLAGAS Desinfecci\u00f3n y Control de Plagas: Nuestra empresa utiliza tratamientos sin biocidas que no paralizan su actividad y no afectan a la salud de las personas ni al medioambiente; La forma m\u00e1s efectiva y f\u00e1cil de eliminar\u00a0 o prevenir la aparici\u00f3n\u00a0 de plagas\u00a0 o cualquier tipo de virus o bacteria en &hellip;<\/p>\n<p class=\"read-more\"> <a class=\"\" href=\"http:\/\/ayudoserviciosauxiliares.com\/index.php\/control-de-plagas\/\"> <span class=\"screen-reader-text\">Control de plagas<\/span> Leer m\u00e1s &raquo;<\/a><\/p>\n","protected":false},"author":1,"featured_media":0,"parent":0,"menu_order":0,"comment_status":"closed","ping_status":"closed","template":"","meta":{"site-sidebar-layout":"no-sidebar","site-content-layout":"page-builder","ast-main-header-display":"","ast-hfb-above-header-display":"","ast-hfb-below-header-display":"","ast-hfb-mobile-header-display":"","site-post-title":"disabled","ast-breadcrumbs-content":"","ast-featured-img":"disabled","footer-sml-layout":"","theme-transparent-header-meta":"","adv-header-id-meta":null,"stick-header-meta":null,"header-above-stick-meta":null,"header-main-stick-meta":null,"header-below-stick-meta":null},"_links":{"self":[{"href":"http:\/\/ayudoserviciosauxiliares.com\/index.php\/wp-json\/wp\/v2\/pages\/1621"}],"collection":[{"href":"http:\/\/ayudoserviciosauxiliares.com\/index.php\/wp-json\/wp\/v2\/pages"}],"about":[{"href":"http:\/\/ayudoserviciosauxiliares.com\/index.php\/wp-json\/wp\/v2\/types\/page"}],"author":[{"embeddable":true,"href":"http:\/\/ayudoserviciosauxiliares.com\/index.php\/wp-json\/wp\/v2\/users\/1"}],"replies":[{"embeddable":true,"href":"http:\/\/ayudoserviciosauxiliares.com\/index.php\/wp-json\/wp\/v2\/comments?post=1621"}],"version-history":[{"count":64,"href":"http:\/\/ayudoserviciosauxiliares.com\/index.php\/wp-json\/wp\/v2\/pages\/1621\/revisions"}],"predecessor-version":[{"id":2700,"href":"http:\/\/ayudoserviciosauxiliares.com\/index.php\/wp-json\/wp\/v2\/pages\/1621\/revisions\/2700"}],"wp:attachment":[{"href":"http:\/\/ayudoserviciosauxiliares.com\/index.php\/wp-json\/wp\/v2\/media?parent=1621"}],"curies":[{"name":"wp","href":"https:\/\/api.w.org\/{rel}","templated":true}]}}